{"id":3061,"date":"2025-09-08T13:24:01","date_gmt":"2025-09-08T11:24:01","guid":{"rendered":"https:\/\/mrlandon.com\/tenaya\/?page_id=3061"},"modified":"2026-02-10T18:56:52","modified_gmt":"2026-02-10T17:56:52","slug":"pedidos","status":"publish","type":"page","link":"https:\/\/mrlandon.com\/tenaya\/pedidos\/","title":{"rendered":"Pedidos"},"content":{"rendered":"\t\t<div data-elementor-type=\"wp-page\" data-elementor-id=\"3061\" class=\"elementor elementor-3061\" data-elementor-post-type=\"page\">\n\t\t\t\t<div class=\"elementor-element elementor-element-746860c e-flex e-con-boxed e-con e-parent\" data-id=\"746860c\" data-element_type=\"container\" data-e-type=\"container\">\n\t\t\t\t\t<div class=\"e-con-inner\">\n\t\t\t\t<div class=\"elementor-element elementor-element-d9d6f1d elementor-widget elementor-widget-text-editor\" data-id=\"d9d6f1d\" data-element_type=\"widget\" data-e-type=\"widget\" data-widget_type=\"text-editor.default\">\n\t\t\t\t\t\t\t\t\t<h4>\u00bfEs necesario crear una cuenta para hacer un pedido?<\/h4><p>No, tambien puedes comprar como invitado, pero si creas una cuenta podr\u00e1s rastrear el estado de tu pedido y tus proximas compras ser\u00e1n mas r\u00e1pidas y sencillas.<\/p><h4>\u00bfC\u00f3mo realizo el seguimiento de mi pedido?<\/h4><p>Una vez envieado tu pedido recibir\u00e1s un correo electr\u00f3nico de confirmaci\u00f3n con un enlace de seguimiento de la compa\u00f1\u00eda de transporte UPS para que puedas seguirlo en todo momento. Tambi\u00e9n podr\u00e1s saber sobre el estado de tu pedido a trav\u00e9s de tu cuenta de usuario dentro del apartado \u00abMis pedidos\u00bb.<\/p><h4>\u00bfC\u00f3mo se que mi pedido ha sido procesado y enviado?<\/h4><p>Nada mas procesar tu pedido recibir\u00e1s un correo electr\u00f3nico que te confirmar\u00e1 el env\u00edo de tu compra.<\/p><h4>He realizado un pedido y no he recibido confirmaci\u00f3n alguna.<\/h4><p>Aseg\u00farate que no se encuentra en tu carpeta de correo no deseado. Si no esta puede que haya un error en tu direcci\u00f3n de correo electr\u00f3nico y por tanto no recibes el mail de confirmaci\u00f3n. Ponte en contacto con nuestro servicio de atenci\u00f3n al cliente para aseg\u00fararte que tu pedido esta siendo procesado.<\/p><h4>Acabo de realizar un pedido \u00bfcuando se enviar\u00e1?<\/h4><p>Los pedidos se procesan en uno o dos d\u00edas como m\u00e1ximo, dependiendo de la hora de entrada. Recibir\u00e1s un correo electr\u00f3nico confirm\u00e1ndote el env\u00edo de tu pedido. Ten en cuenta que si recibimos tu pedido el viernes por la tarde no podr\u00e1 ser enviado hasta el lunes siguiente.<\/p><h4>\u00bfPuedo seleccionar una direcci\u00f3n de envio de un pa\u00eds distinto del que estoy realizando el pedido?<\/h4><p>No es posible recibir pedidos en un pa\u00eds distinto al que se realiz\u00f3 la compra.<\/p>\t\t\t\t\t\t\t\t<\/div>\n\t\t\t\t\t<\/div>\n\t\t\t\t<\/div>\n\t\t\t\t<\/div>\n\t\t","protected":false},"excerpt":{"rendered":"<p>\u00bfEs necesario crear una cuenta para hacer un pedido? No, tambien puedes comprar como invitado, pero si creas una cuenta podr\u00e1s rastrear el estado de tu pedido y tus proximas compras ser\u00e1n mas r\u00e1pidas y sencillas. \u00bfC\u00f3mo realizo el seguimiento de mi pedido? Una vez envieado tu pedido recibir\u00e1s un correo electr\u00f3nico de confirmaci\u00f3n con [&hellip;]<\/p>\n","protected":false},"author":1,"featured_media":0,"parent":0,"menu_order":0,"comment_status":"closed","ping_status":"closed","template":"","meta":{"footnotes":""},"class_list":["post-3061","page","type-page","status-publish","hentry"],"_links":{"self":[{"href":"https:\/\/mrlandon.com\/tenaya\/wp-json\/wp\/v2\/pages\/3061","targetHints":{"allow":["GET"]}}],"collection":[{"href":"https:\/\/mrlandon.com\/tenaya\/wp-json\/wp\/v2\/pages"}],"about":[{"href":"https:\/\/mrlandon.com\/tenaya\/wp-json\/wp\/v2\/types\/page"}],"author":[{"embeddable":true,"href":"https:\/\/mrlandon.com\/tenaya\/wp-json\/wp\/v2\/users\/1"}],"replies":[{"embeddable":true,"href":"https:\/\/mrlandon.com\/tenaya\/wp-json\/wp\/v2\/comments?post=3061"}],"version-history":[{"count":0,"href":"https:\/\/mrlandon.com\/tenaya\/wp-json\/wp\/v2\/pages\/3061\/revisions"}],"wp:attachment":[{"href":"https:\/\/mrlandon.com\/tenaya\/wp-json\/wp\/v2\/media?parent=3061"}],"curies":[{"name":"wp","href":"https:\/\/api.w.org\/{rel}","templated":true}]}}