{"id":3079,"date":"2025-09-08T13:28:08","date_gmt":"2025-09-08T11:28:08","guid":{"rendered":"https:\/\/mrlandon.com\/tenaya\/?page_id=3079"},"modified":"2026-02-10T18:50:15","modified_gmt":"2026-02-10T17:50:15","slug":"opciones-de-pago","status":"publish","type":"page","link":"https:\/\/mrlandon.com\/tenaya\/opciones-de-pago\/","title":{"rendered":"Opciones de pago"},"content":{"rendered":"\t\t<div data-elementor-type=\"wp-page\" data-elementor-id=\"3079\" class=\"elementor elementor-3079\" data-elementor-post-type=\"page\">\n\t\t\t\t<div class=\"elementor-element elementor-element-46c8fae e-flex e-con-boxed e-con e-parent\" data-id=\"46c8fae\" data-element_type=\"container\" data-e-type=\"container\">\n\t\t\t\t\t<div class=\"e-con-inner\">\n\t\t\t\t<div class=\"elementor-element elementor-element-8f61167 elementor-widget elementor-widget-text-editor\" data-id=\"8f61167\" data-element_type=\"widget\" data-e-type=\"widget\" data-widget_type=\"text-editor.default\">\n\t\t\t\t\t\t\t\t\t<p><strong>\u00bfQu\u00e9 formas de pago puedo utilizar?<\/strong><\/p><p>Tenaya acepta los siguientes m\u00e9todos de pago:<\/p><ul><li>Visa, MasterCard, Maestro, Visa Electr\u00f3n y tarjeta de regalo.<\/li><\/ul>\t\t\t\t\t\t\t\t<\/div>\n\t\t\t\t\t<\/div>\n\t\t\t\t<\/div>\n\t\t\t\t<\/div>\n\t\t","protected":false},"excerpt":{"rendered":"<p>\u00bfQu\u00e9 formas de pago puedo utilizar? Tenaya acepta los siguientes m\u00e9todos de pago: Visa, MasterCard, Maestro, Visa Electr\u00f3n y tarjeta de regalo.<\/p>\n","protected":false},"author":1,"featured_media":0,"parent":0,"menu_order":0,"comment_status":"closed","ping_status":"closed","template":"","meta":{"footnotes":""},"class_list":["post-3079","page","type-page","status-publish","hentry"],"_links":{"self":[{"href":"https:\/\/mrlandon.com\/tenaya\/wp-json\/wp\/v2\/pages\/3079","targetHints":{"allow":["GET"]}}],"collection":[{"href":"https:\/\/mrlandon.com\/tenaya\/wp-json\/wp\/v2\/pages"}],"about":[{"href":"https:\/\/mrlandon.com\/tenaya\/wp-json\/wp\/v2\/types\/page"}],"author":[{"embeddable":true,"href":"https:\/\/mrlandon.com\/tenaya\/wp-json\/wp\/v2\/users\/1"}],"replies":[{"embeddable":true,"href":"https:\/\/mrlandon.com\/tenaya\/wp-json\/wp\/v2\/comments?post=3079"}],"version-history":[{"count":0,"href":"https:\/\/mrlandon.com\/tenaya\/wp-json\/wp\/v2\/pages\/3079\/revisions"}],"wp:attachment":[{"href":"https:\/\/mrlandon.com\/tenaya\/wp-json\/wp\/v2\/media?parent=3079"}],"curies":[{"name":"wp","href":"https:\/\/api.w.org\/{rel}","templated":true}]}}