{"id":3284,"date":"2025-09-09T12:34:35","date_gmt":"2025-09-09T10:34:35","guid":{"rendered":"https:\/\/mrlandon.com\/tenaya\/?page_id=3284"},"modified":"2026-02-17T17:49:43","modified_gmt":"2026-02-17T16:49:43","slug":"politica-de-privacidad","status":"publish","type":"page","link":"https:\/\/mrlandon.com\/tenaya\/politica-de-privacidad\/","title":{"rendered":"Pol\u00edtica de privacidad"},"content":{"rendered":"\t\t<div data-elementor-type=\"wp-page\" data-elementor-id=\"3284\" class=\"elementor elementor-3284\" data-elementor-post-type=\"page\">\n\t\t\t\t<div class=\"elementor-element elementor-element-56919d9 e-flex e-con-boxed e-con e-parent\" data-id=\"56919d9\" data-element_type=\"container\" data-e-type=\"container\">\n\t\t\t\t\t<div class=\"e-con-inner\">\n\t\t\t\t<div class=\"elementor-element elementor-element-996f0e3 elementor-widget elementor-widget-text-editor\" data-id=\"996f0e3\" data-element_type=\"widget\" data-e-type=\"widget\" data-widget_type=\"text-editor.default\">\n\t\t\t\t\t\t\t\t\t<p>Para Tenaya Sports, S.L. es importante la protecci\u00f3n de los datos personales de nuestros clientes, y de todos aquellos que visitan nuestra web, y por eso ha desarrollado una pol\u00edtica de seguridad que cumple con todos los requisitos del Reglamento General de Protecci\u00f3n de Datos (UE) RGPD 679\/2016.<\/p><p>En esta pol\u00edtica de privacidad explicamos qui\u00e9nes somos, cu\u00e1l es la finalidad que damos a sus datos, c\u00f3mo los tratamos, con qui\u00e9n los compartimos, durante cu\u00e1nto tiempo los conservamos, as\u00ed como las formas de ponerse en contacto con nosotros y de ejercer sus derechos.<\/p><p>El usuario debe leer atentamente nuestra pol\u00edtica de privacidad, y as\u00ed poder decir de forma libre y voluntaria si desea proporcionar sus datos personales a Tenaya Sports, S.L.<\/p><p>De este modo, el usuario asegura ser mayor de edad, y que los datos comunicados son verdaderos, exactos, completos y actuales, responsabiliz\u00e1ndose de cualquier da\u00f1o o perjuicio, directo o indirecto, que pueda surgir como consecuencia del incumplimiento de dicha obligaci\u00f3n.<\/p><p>Si eres menor de trece a\u00f1os y has accedido a este sitio web sin avisar a tus padres no debes registrarte como usuario.<\/p><p><strong>RESPONSABLE DE LOS DATOS Y SUS TRATAMIENTOS<\/strong><\/p><p>Sus datos ser\u00e1n tratados por Tenaya Sports, S.L., persona jur\u00eddica, con CIF B-73577843, y domicilio social en la C\/ Benet i Serra, 12, 08302 Matar\u00f3 (Barcelona) ESPA\u00d1A<\/p><p><strong>FINALIDADES DEL TRATAMIENTO Y BASE LEGAL<\/strong><\/p><p><strong>Sus datos han sido obtenidos por los siguientes medios:<\/strong><\/p><ul><li>Formulario de contacto<\/li><li>Registro como usuario web<\/li><\/ul><p><strong>Los datos obtenidos son de categor\u00eda identificativos y son los siguientes:<\/strong><\/p><ul><li>Formulario de contacto: mail y contrase\u00f1a<\/li><li>Registro como usuario web: nombre, mail, pa\u00eds<\/li><\/ul><p><strong>Las finalidades son:<\/strong><\/p><ul><li>Formulario de contacto: el contacto y gesti\u00f3n comercial<\/li><li>Registro como usuario web: procesar los datos para poder prestar el servicio, gestionar los pedidos de compra realizados a trav\u00e9s de la web, facilitando la navegaci\u00f3n por la web.<\/li><\/ul><p>La base legal para el tratamiento de los datos recogidos es el consentimiento prestado en el momento de registrarte o contactar con nosotros a trav\u00e9s de la web.<\/p><p>La duraci\u00f3n del tratamiento es la misma que la duraci\u00f3n de la relaci\u00f3n mercantil como usuario con nosotros o bien hasta la revocaci\u00f3n del consentimiento, o cancelaci\u00f3n de los datos personales facilitados con consentimiento.<\/p><p><strong>\u00bfCon qui\u00e9n compartimos los datos?<\/strong><\/p><p>Tenaya Sports, S.L. podr\u00e1 comunicar los datos personales de los usuarios a terceros prestadores de servicios de Tenaya Sports, S.L., concretamente empresas implicadas en el proceso de compra y gesti\u00f3n de cobros, transporte transportistas, almacenamiento, marketing, alojamiento de p\u00e1ginas web, agencias bancarias entidades financieras. A estas empresas se les proporcionan solo los datos personales necesarios para la prestaci\u00f3n del servicio en cuesti\u00f3n, las cuales se comprometen a tratar dichos datos personales \u00fanica y exclusivamente para el cumplimiento de los fines arriba mencionados.<\/p><p>Los datos facilitados ser\u00e1n recogidos en el servidor de Tenaya Sports, S.L. mediante protocolo SSL y su transmisi\u00f3n se realizar\u00e1 de forma encriptada garantizando la confidencialidad de los mismos. El servidor reconoce autom\u00e1ticamente: la direcci\u00f3n IP, fecha y hora de entrada y salida de la p\u00e1gina web, as\u00ed como los ficheros que ha descargado.<\/p><p><strong>TRANSFERENCIAS INTERNACIONALES DE DATOS<\/strong><\/p><p>Tenaya Sports, S.L realiza el tratamiento de los datos del usuario en el territorio del Espacio Econ\u00f3mico Europeo (EEE), por lo que no prev\u00e9 realizar ninguna transferencia internacional de datos.<\/p><p><strong>DERECHOS DE LOS USUARIOS<\/strong><\/p><p>Mientras Tenaya Sports, S.L. pos\u00e9a o trate los datos personales, todos los usuarios pueden, en cualquier momento y de forma gratuita, ejercer los siguientes derechos:<\/p><ul><li>Derecho de acceso \u2013 derecho a solicitar una copia de la informaci\u00f3n que tenemos sobre usted;<\/li><li>Derecho de rectificaci\u00f3n \u2013 derecho de corregir los datos que considere inexactos o incompletos;<\/li><li>Derecho a ser olvidado\/a &#8211; en determinadas circunstancias, como usuario, puede pedir que los datos que tenemos sobre usted sean borrados de todos nuestros registros;<\/li><li>Derecho a la limitaci\u00f3n de tratamiento \u2013 cuando se aplican determinadas condiciones para tener derecho a restringir el tratamiento;<\/li><li>Derecho de portabilidad \u2013 derecho de transferir sus datos a otra organizaci\u00f3n;<\/li><li>Derecho de oposici\u00f3n \u2013 derecho de oponerse a ciertos tipos de tratamiento, como el marketing directo;<\/li><li>Derecho a oponerse al tratamiento automatizado, incluido el perfil;<\/li><\/ul><p>Si el usuario desea realizar el ejercicio de alguno de sus derechos deber\u00e1 hacerlo dirigi\u00e9ndose por escrito y con copia del DNI a la siguiente direcci\u00f3n postal: C\/ Benet i Serra, 12, 08302 Matar\u00f3 (Barcelona) ESPA\u00d1A o por mail a: tenaya@tenaya.net<\/p><p>Adem\u00e1s, podr\u00e1 ponerse en contacto con la Autoridad de control Espa\u00f1ola, AGENCIA ESPA\u00d1OLA DE PROTECCI\u00d3N DE DATOS en su web <a href=\"https:\/\/www.aepd.es\/\" target=\"_blank\" rel=\"noopener\">www.aepd.es<\/a> o en la direcci\u00f3n de correo postal C\/ Jorge Juan, 6. 28001 &#8211; Madrid Tel. 901 100 099 &#8211; 912 663 517<\/p><p><strong>MEDIDAS DE PROTECCI\u00d3N DE DATOS PERSONALES<\/strong><\/p><p>Tenaya Sports, S.L. aplica varias medidas t\u00e9cnicas y organizativas adecuadas para proteger los datos personales de los usuarios, incluido el uso de servidores seguros, cortafuegos, codificaci\u00f3n de datos de aplicaciones y de comunicaciones.<\/p><p><strong>REVISI\u00d3N POL\u00cdTICA DE PRIVACIDAD<\/strong><\/p><p>Ocasionalmente, Tenaya Sports, S.L. actualizar\u00e1 esta Pol\u00edtica de privacidad, por lo que le solicitamos que revise peri\u00f3dicamente este documento para mantenerse informado y actualizado.<\/p><p><strong>POL\u00cdTICA DE COOKIES<\/strong><\/p><p>La pol\u00edtica de cookies de Tenaya Sports, S.L. est\u00e1 en documento separado que podr\u00e1 encontrar pinchando <a href=\"https:\/\/tenaya.net\/es\/cookies\" target=\"_blank\" rel=\"noopener\"><span style=\"text-decoration: underline;\">aqu\u00ed<\/span><\/a>.<\/p>\t\t\t\t\t\t\t\t<\/div>\n\t\t\t\t\t<\/div>\n\t\t\t\t<\/div>\n\t\t\t\t<\/div>\n\t\t","protected":false},"excerpt":{"rendered":"<p>Para Tenaya Sports, S.L. es importante la protecci\u00f3n de los datos personales de nuestros clientes, y de todos aquellos que visitan nuestra web, y por eso ha desarrollado una pol\u00edtica de seguridad que cumple con todos los requisitos del Reglamento General de Protecci\u00f3n de Datos (UE) RGPD 679\/2016. En esta pol\u00edtica de privacidad explicamos qui\u00e9nes [&hellip;]<\/p>\n","protected":false},"author":1,"featured_media":0,"parent":0,"menu_order":0,"comment_status":"closed","ping_status":"closed","template":"","meta":{"footnotes":""},"class_list":["post-3284","page","type-page","status-publish","hentry"],"_links":{"self":[{"href":"https:\/\/mrlandon.com\/tenaya\/wp-json\/wp\/v2\/pages\/3284","targetHints":{"allow":["GET"]}}],"collection":[{"href":"https:\/\/mrlandon.com\/tenaya\/wp-json\/wp\/v2\/pages"}],"about":[{"href":"https:\/\/mrlandon.com\/tenaya\/wp-json\/wp\/v2\/types\/page"}],"author":[{"embeddable":true,"href":"https:\/\/mrlandon.com\/tenaya\/wp-json\/wp\/v2\/users\/1"}],"replies":[{"embeddable":true,"href":"https:\/\/mrlandon.com\/tenaya\/wp-json\/wp\/v2\/comments?post=3284"}],"version-history":[{"count":3,"href":"https:\/\/mrlandon.com\/tenaya\/wp-json\/wp\/v2\/pages\/3284\/revisions"}],"predecessor-version":[{"id":10349,"href":"https:\/\/mrlandon.com\/tenaya\/wp-json\/wp\/v2\/pages\/3284\/revisions\/10349"}],"wp:attachment":[{"href":"https:\/\/mrlandon.com\/tenaya\/wp-json\/wp\/v2\/media?parent=3284"}],"curies":[{"name":"wp","href":"https:\/\/api.w.org\/{rel}","templated":true}]}}