{"id":3286,"date":"2025-09-09T12:34:55","date_gmt":"2025-09-09T10:34:55","guid":{"rendered":"https:\/\/mrlandon.com\/tenaya\/?page_id=3286"},"modified":"2026-02-10T19:01:36","modified_gmt":"2026-02-10T18:01:36","slug":"cookies","status":"publish","type":"page","link":"https:\/\/mrlandon.com\/tenaya\/cookies\/","title":{"rendered":"Uso de cookies"},"content":{"rendered":"\t\t<div data-elementor-type=\"wp-page\" data-elementor-id=\"3286\" class=\"elementor elementor-3286\" data-elementor-post-type=\"page\">\n\t\t\t\t<div class=\"elementor-element elementor-element-93013dc e-flex e-con-boxed e-con e-parent\" data-id=\"93013dc\" data-element_type=\"container\" data-e-type=\"container\">\n\t\t\t\t\t<div class=\"e-con-inner\">\n\t\t\t\t<div class=\"elementor-element elementor-element-3f6fc70 elementor-widget elementor-widget-text-editor\" data-id=\"3f6fc70\" data-element_type=\"widget\" data-e-type=\"widget\" data-widget_type=\"text-editor.default\">\n\t\t\t\t\t\t\t\t\t<p><strong>POL\u00cdTICA DE COOKIES<\/strong><\/p><p>\u00a0<\/p><p>Nuestro sitio web utiliza cookies para mejorar la navegaci\u00f3n y obtener datos estad\u00edsticos sobre las visitas obtenidas.<\/p><p>Las cookies son peque\u00f1os archivos de texto que se instalan en el equipo desde el cual se visita nuestro sitio web y que nos proporcionan informaci\u00f3n de forma autom\u00e1tica.<\/p><p>Las cookies en ning\u00fan caso se pueden considerar como un virus inform\u00e1tico. No da\u00f1an el ordenador ni ralentizan su funcionamiento en modo alguno. Usted puede eliminar nuestras Cookies en cualquier momento, o rechazarlas configurando su navegador web.<\/p><p>Las cookies se asocian \u00fanicamente con el navegador de un ordenador determinado (un usuario an\u00f3nimo), y no proporcionan por s\u00ed ningun dato del tipo nombre y apellidos o password del usuario. Gracias a las cookies, resulta posible que TENAYA reconozca los navegadores de los usuarios registrados despu\u00e9s de que \u00e9stos se hayan registrado por primera vez, sin que tengan que registrarse en cada visita para acceder a las \u00e1reas y servicios reservados exclusivamente a ellos. Nuestras \u201ccookies\u201d sirven para identificar una sesi\u00f3n de usuario (\u201ccookies de sesi\u00f3n\u201d) y \/ o un ordenador (\u201ccookies temporales\u201d), y no proporcionan por s\u00ed mismos ni el nombre del usuario ni ning\u00fan otro dato personal. Las cookies utilizadas no pueden leer los archivos cookie creados por otros proveedores. El usuario tiene la posibilidad de configurar su navegador para ser avisado en pantalla de la recepci\u00f3n de cookies y para impedir la instalaci\u00f3n de cookies en su disco duro. Por favor, consulte las instrucciones y manuales de su navegador para ampliar esta informaci\u00f3n.<\/p><p>TENAYA utiliza dos tipos de cookies diferentes en nuestro sitio web:<\/p><p>\u00a0<\/p><p><strong>Cookies de anal\u00edtica web de terceras partes<\/strong>\u00a0<\/p><p>Instaladas en su ordenador por el servicio Google Analytics. Son cookies estad\u00edsticas, con las cuales podemos conocer datos \u00fatiles para mejorar nuestro sitio web. Algunos datos recogidos son por ejemplo: el n\u00famero de visitas recibidas, el origen de las visitas, las palabras clave utilizadas para encontrarnos o las horas de mayor afluencia de visitantes. Puede obtener m\u00e1s informaci\u00f3n sobre la pol\u00edtica de privacidad de Google Analytics, visitando el siguiente enlace: <a href=\"https:\/\/www.google.com\/analytics\/learn\/privacy.html?hl=es\" target=\"_blank\" rel=\"noopener\">Politica de cookies de Google Analytics.<\/a><\/p><p>Podr\u00e1 configurar su navegador para no recibir estas cookie y ser\u00e1n rechazadas. En caso contrario, entendemos que contamos con su consentimiento para su instalaci\u00f3n.<\/p><p>\u00a0<\/p><p><strong>Cookies propias, generadas por nuestro sitio web, para diferentes funciones<\/strong>\u00a0<\/p><p>Cookies de autenticaci\u00f3n: Utilizadas para reconocer a los usuarios registrados que se han validado en nuestro sitio web. Con estas cookies, usted podr\u00e1 acceder a las secciones de acceso restringido de la web. En caso de rechazar estas Cookies o ser borradas, las claves de acceso a nuestro sitio web, no funcionar\u00e1n de forma correcta.<\/p><p>Cookies de personalizaci\u00f3n de interfaz: Usadas para facilitar la navegaci\u00f3n de nuestro sitio web. Permiten recordar algunos aspectos gr\u00e1ficos de nuestra web autom\u00e1ticamente. En caso de rechazar estas Cookies o ser borradas, la navegaci\u00f3n en nuestro sitio web, no funcionar\u00e1n de forma tan sencilla. Si tiene dudas sobre nuestra pol\u00edtica de uso de cookies, se puede poner en contacto con nosotros en el siguiente correo electr\u00f3nico: tenaya@tenaya.net Desde su navegador podra eliminar las cookies instaladas en el equipo. Aqu\u00ed tiene informaci\u00f3n sobre c\u00f3mo hacerlo en los principales navegadores:<\/p><p><span style=\"text-decoration: underline;\"><a href=\"https:\/\/support.google.com\/accounts\/answer\/32050?hl=es\" target=\"_blank\" rel=\"noopener\">Eliminar cookies en Chrome<\/a><\/span><br \/><span style=\"text-decoration: underline;\"><a href=\"https:\/\/support.mozilla.org\/es\/kb\/Borrar%20cookies\" target=\"_blank\" rel=\"noopener\">Eliminar cookies en Firefox<\/a><\/span><br \/><span style=\"text-decoration: underline;\"><a href=\"https:\/\/support.microsoft.com\/es-es\/help\/278835\/how-to-delete-cookie-files-in-internet-explorer\" target=\"_blank\" rel=\"noopener\">Eliminar cookies en Internet Explorer<\/a><\/span><br \/><span style=\"text-decoration: underline;\"><a href=\"https:\/\/support.apple.com\/es-es\/guide\/safari\/sfri11471\/mac\" target=\"_blank\" rel=\"noopener\">Eliminar cookies en Safari<\/a><\/span><br \/><span style=\"text-decoration: underline;\"><a href=\"https:\/\/support.google.com\/accounts\/answer\/32050?co=GENIE.Platform%3DAndroid&amp;hl=es\" target=\"_blank\" rel=\"noopener\">Eliminar cookies en Android<\/a><\/span><br \/><span style=\"text-decoration: underline;\"><a href=\"https:\/\/support.apple.com\/es-es\/HT201265\" target=\"_blank\" rel=\"noopener\">Eliminar cookies en IOS<\/a><\/span><\/p>\t\t\t\t\t\t\t\t<\/div>\n\t\t\t\t\t<\/div>\n\t\t\t\t<\/div>\n\t\t\t\t<\/div>\n\t\t","protected":false},"excerpt":{"rendered":"<p>POL\u00cdTICA DE COOKIES \u00a0 Nuestro sitio web utiliza cookies para mejorar la navegaci\u00f3n y obtener datos estad\u00edsticos sobre las visitas obtenidas. Las cookies son peque\u00f1os archivos de texto que se instalan en el equipo desde el cual se visita nuestro sitio web y que nos proporcionan informaci\u00f3n de forma autom\u00e1tica. Las cookies en ning\u00fan caso [&hellip;]<\/p>\n","protected":false},"author":1,"featured_media":0,"parent":0,"menu_order":0,"comment_status":"closed","ping_status":"closed","template":"","meta":{"footnotes":""},"class_list":["post-3286","page","type-page","status-publish","hentry"],"_links":{"self":[{"href":"https:\/\/mrlandon.com\/tenaya\/wp-json\/wp\/v2\/pages\/3286","targetHints":{"allow":["GET"]}}],"collection":[{"href":"https:\/\/mrlandon.com\/tenaya\/wp-json\/wp\/v2\/pages"}],"about":[{"href":"https:\/\/mrlandon.com\/tenaya\/wp-json\/wp\/v2\/types\/page"}],"author":[{"embeddable":true,"href":"https:\/\/mrlandon.com\/tenaya\/wp-json\/wp\/v2\/users\/1"}],"replies":[{"embeddable":true,"href":"https:\/\/mrlandon.com\/tenaya\/wp-json\/wp\/v2\/comments?post=3286"}],"version-history":[{"count":0,"href":"https:\/\/mrlandon.com\/tenaya\/wp-json\/wp\/v2\/pages\/3286\/revisions"}],"wp:attachment":[{"href":"https:\/\/mrlandon.com\/tenaya\/wp-json\/wp\/v2\/media?parent=3286"}],"curies":[{"name":"wp","href":"https:\/\/api.w.org\/{rel}","templated":true}]}}