{"id":4478,"date":"2025-09-24T11:20:41","date_gmt":"2025-09-24T09:20:41","guid":{"rendered":"https:\/\/mrlandon.com\/tenaya\/?post_type=product&#038;p=4478"},"modified":"2026-02-17T14:11:05","modified_gmt":"2026-02-17T13:11:05","slug":"indalo","status":"publish","type":"product","link":"https:\/\/mrlandon.com\/tenaya\/item\/indalo\/","title":{"rendered":"Indalo"},"content":{"rendered":"<p>Agresivo y con una excepcional respuesta a los movimientos del pie. Indalo te proporciona un control m\u00e1ximo sobre microcantos y presas peque\u00f1as y a su vez toda la sensibilidad y precisi\u00f3n en apoyos de fricci\u00f3n y adherencia.<\/p>\n","protected":false},"excerpt":{"rendered":"<p class=\"d-none d-md-block fs-pt-13 lh-sm\">Sentir la roca mas cerca<\/p>\n","protected":false},"featured_media":4479,"template":"","meta":[],"product_brand":[],"product_cat":[84,83],"product_tag":[],"class_list":{"0":"post-4478","1":"product","2":"type-product","3":"status-publish","4":"has-post-thumbnail","6":"product_cat-aerial-plus","7":"product_cat-pies-de-gato","9":"first","10":"instock","11":"taxable","12":"shipping-taxable","13":"purchasable","14":"product-type-variable"},"_links":{"self":[{"href":"https:\/\/mrlandon.com\/tenaya\/wp-json\/wp\/v2\/product\/4478","targetHints":{"allow":["GET"]}}],"collection":[{"href":"https:\/\/mrlandon.com\/tenaya\/wp-json\/wp\/v2\/product"}],"about":[{"href":"https:\/\/mrlandon.com\/tenaya\/wp-json\/wp\/v2\/types\/product"}],"version-history":[{"count":1,"href":"https:\/\/mrlandon.com\/tenaya\/wp-json\/wp\/v2\/product\/4478\/revisions"}],"predecessor-version":[{"id":9911,"href":"https:\/\/mrlandon.com\/tenaya\/wp-json\/wp\/v2\/product\/4478\/revisions\/9911"}],"wp:featuredmedia":[{"embeddable":true,"href":"https:\/\/mrlandon.com\/tenaya\/wp-json\/wp\/v2\/media\/4479"}],"wp:attachment":[{"href":"https:\/\/mrlandon.com\/tenaya\/wp-json\/wp\/v2\/media?parent=4478"}],"wp:term":[{"taxonomy":"product_brand","embeddable":true,"href":"https:\/\/mrlandon.com\/tenaya\/wp-json\/wp\/v2\/product_brand?post=4478"},{"taxonomy":"product_cat","embeddable":true,"href":"https:\/\/mrlandon.com\/tenaya\/wp-json\/wp\/v2\/product_cat?post=4478"},{"taxonomy":"product_tag","embeddable":true,"href":"https:\/\/mrlandon.com\/tenaya\/wp-json\/wp\/v2\/product_tag?post=4478"}],"curies":[{"name":"wp","href":"https:\/\/api.w.org\/{rel}","templated":true}]}}