{"id":4561,"date":"2025-09-24T11:01:21","date_gmt":"2025-09-24T09:01:21","guid":{"rendered":"https:\/\/mrlandon.com\/tenaya\/?post_type=product&#038;p=4561"},"modified":"2026-02-17T11:35:16","modified_gmt":"2026-02-17T10:35:16","slug":"mastia","status":"publish","type":"product","link":"https:\/\/mrlandon.com\/tenaya\/item\/mastia\/","title":{"rendered":"Mastia"},"content":{"rendered":"<div class=\"contenedor-desc mx-auto\">\n<div class=\"descripcion\">\n<div class=\"d-none d-md-block bloque-txt\">\n<p>Cuando imaginamos el nuevo Mastia no solo quer\u00edamos que fuera un pie de gato curvo y agresivo capaz de desarrollar la m\u00e1xima fuerza, sino tambi\u00e9n que proporcionara m\u00e1s informaci\u00f3n en todo tipo de situaciones. M\u00e1s fuerza y m\u00e1s informaci\u00f3n, esta es la esencia de Mastia. Ello nos ha exigido un nuevo enfoque en todo el proceso de desarrollar, dise\u00f1ar y redise\u00f1ar cada uno de sus elementos y tecnolog\u00edas hasta conseguir un balance perfecto.<\/p>\n<\/div>\n<\/div>\n<\/div>\n","protected":false},"excerpt":{"rendered":"<p class=\"d-none d-md-block fs-pt-13 lh-sm\">Todo lo que m\u00e1s necesitas<\/p>\n","protected":false},"featured_media":4564,"template":"","meta":[],"product_brand":[],"product_cat":[84,83],"product_tag":[],"class_list":{"0":"post-4561","1":"product","2":"type-product","3":"status-publish","4":"has-post-thumbnail","6":"product_cat-aerial-plus","7":"product_cat-pies-de-gato","9":"first","10":"instock","11":"taxable","12":"shipping-taxable","13":"product-type-variable"},"_links":{"self":[{"href":"https:\/\/mrlandon.com\/tenaya\/wp-json\/wp\/v2\/product\/4561","targetHints":{"allow":["GET"]}}],"collection":[{"href":"https:\/\/mrlandon.com\/tenaya\/wp-json\/wp\/v2\/product"}],"about":[{"href":"https:\/\/mrlandon.com\/tenaya\/wp-json\/wp\/v2\/types\/product"}],"version-history":[{"count":0,"href":"https:\/\/mrlandon.com\/tenaya\/wp-json\/wp\/v2\/product\/4561\/revisions"}],"wp:featuredmedia":[{"embeddable":true,"href":"https:\/\/mrlandon.com\/tenaya\/wp-json\/wp\/v2\/media\/4564"}],"wp:attachment":[{"href":"https:\/\/mrlandon.com\/tenaya\/wp-json\/wp\/v2\/media?parent=4561"}],"wp:term":[{"taxonomy":"product_brand","embeddable":true,"href":"https:\/\/mrlandon.com\/tenaya\/wp-json\/wp\/v2\/product_brand?post=4561"},{"taxonomy":"product_cat","embeddable":true,"href":"https:\/\/mrlandon.com\/tenaya\/wp-json\/wp\/v2\/product_cat?post=4561"},{"taxonomy":"product_tag","embeddable":true,"href":"https:\/\/mrlandon.com\/tenaya\/wp-json\/wp\/v2\/product_tag?post=4561"}],"curies":[{"name":"wp","href":"https:\/\/api.w.org\/{rel}","templated":true}]}}