{"id":4568,"date":"2025-09-24T09:40:12","date_gmt":"2025-09-24T07:40:12","guid":{"rendered":"https:\/\/mrlandon.com\/tenaya\/?post_type=product&#038;p=4568"},"modified":"2026-02-17T18:58:24","modified_gmt":"2026-02-17T17:58:24","slug":"oasi-lv","status":"publish","type":"product","link":"https:\/\/mrlandon.com\/tenaya\/item\/oasi-lv\/","title":{"rendered":"Oasi LV"},"content":{"rendered":"<p>Nueva versi\u00f3n del modelo Oasi adaptado a la anatom\u00eda del pie femenino. Cuando nos propusimos el proyecto Oasi hab\u00eda un objetivo por encima de todo: quer\u00edamos que contara con todas las ventajas que un zapato de l\u00edneas curvas puede desarrollar sobre desplomes sin que esto le hiciera perder ni un \u00e1pice de rendimiento en paredes verticales incluso en los apoyos de fricci\u00f3n y adherencia. Esto nos ha exigido redise\u00f1ar parte de nuestro proceso productivo y desarrollar una serie de nuevas tecnolog\u00edas.<\/p>\n<p>El resultado es un curvo con el mayor rango de respuesta y con unos niveles de confort no conocidos antes en un pie de gato de altas prestaciones.<\/p>\n","protected":false},"excerpt":{"rendered":"<p class=\"d-none d-md-block fs-pt-13 lh-sm\">Mayor Rango de respuesta<\/p>\n","protected":false},"featured_media":4567,"template":"","meta":[],"product_brand":[],"product_cat":[84,83],"product_tag":[],"class_list":{"0":"post-4568","1":"product","2":"type-product","3":"status-publish","4":"has-post-thumbnail","6":"product_cat-aerial-plus","7":"product_cat-pies-de-gato","9":"first","10":"instock","11":"taxable","12":"shipping-taxable","13":"purchasable","14":"product-type-variable"},"_links":{"self":[{"href":"https:\/\/mrlandon.com\/tenaya\/wp-json\/wp\/v2\/product\/4568","targetHints":{"allow":["GET"]}}],"collection":[{"href":"https:\/\/mrlandon.com\/tenaya\/wp-json\/wp\/v2\/product"}],"about":[{"href":"https:\/\/mrlandon.com\/tenaya\/wp-json\/wp\/v2\/types\/product"}],"version-history":[{"count":1,"href":"https:\/\/mrlandon.com\/tenaya\/wp-json\/wp\/v2\/product\/4568\/revisions"}],"predecessor-version":[{"id":10683,"href":"https:\/\/mrlandon.com\/tenaya\/wp-json\/wp\/v2\/product\/4568\/revisions\/10683"}],"wp:featuredmedia":[{"embeddable":true,"href":"https:\/\/mrlandon.com\/tenaya\/wp-json\/wp\/v2\/media\/4567"}],"wp:attachment":[{"href":"https:\/\/mrlandon.com\/tenaya\/wp-json\/wp\/v2\/media?parent=4568"}],"wp:term":[{"taxonomy":"product_brand","embeddable":true,"href":"https:\/\/mrlandon.com\/tenaya\/wp-json\/wp\/v2\/product_brand?post=4568"},{"taxonomy":"product_cat","embeddable":true,"href":"https:\/\/mrlandon.com\/tenaya\/wp-json\/wp\/v2\/product_cat?post=4568"},{"taxonomy":"product_tag","embeddable":true,"href":"https:\/\/mrlandon.com\/tenaya\/wp-json\/wp\/v2\/product_tag?post=4568"}],"curies":[{"name":"wp","href":"https:\/\/api.w.org\/{rel}","templated":true}]}}