{"id":4578,"date":"2025-09-24T10:53:56","date_gmt":"2025-09-24T08:53:56","guid":{"rendered":"https:\/\/mrlandon.com\/tenaya\/?post_type=product&#038;p=4578"},"modified":"2026-02-18T10:38:30","modified_gmt":"2026-02-18T09:38:30","slug":"tarifa","status":"publish","type":"product","link":"https:\/\/mrlandon.com\/tenaya\/item\/tarifa\/","title":{"rendered":"Tarifa"},"content":{"rendered":"<p>Con un desarrollo paralelo al proyecto Oasi, Tarifa cuenta con muchos de los avances t\u00e9cnicos aplicados en Oasi. Est\u00e1 fabricado con una horma que acent\u00faa m\u00e1s la fuerza sobre peque\u00f1os resaltes.<\/p>\n<p>Cuenta con un cierre de cordonera cuyo dise\u00f1o consigue transmitir toda la fuerza desde la planta del pie, lo que unido a sus otras prestaciones te facilita un control m\u00e1ximo sobre todo tipo de presas dif\u00edciles.<\/p>\n<p>Pie de gato perfecto para muros verticales y exigentes movimientos de pie, como todos nuestros modelos de la l\u00ednea Aerial Plus. Esto es debido a su curvatura y a la forma de su punta, Tarifa es capaz de rendir al m\u00e1ximo, tambi\u00e9n en todo tipo de rutas desplomadas.<\/p>\n","protected":false},"excerpt":{"rendered":"<p class=\"d-none d-md-block fs-pt-13 lh-sm\">Control y fuerza en cada movimiento<\/p>\n","protected":false},"featured_media":4565,"template":"","meta":[],"product_brand":[],"product_cat":[83,84],"product_tag":[],"class_list":{"0":"post-4578","1":"product","2":"type-product","3":"status-publish","4":"has-post-thumbnail","6":"product_cat-pies-de-gato","7":"product_cat-aerial-plus","9":"first","10":"instock","11":"taxable","12":"shipping-taxable","13":"product-type-variable"},"_links":{"self":[{"href":"https:\/\/mrlandon.com\/tenaya\/wp-json\/wp\/v2\/product\/4578","targetHints":{"allow":["GET"]}}],"collection":[{"href":"https:\/\/mrlandon.com\/tenaya\/wp-json\/wp\/v2\/product"}],"about":[{"href":"https:\/\/mrlandon.com\/tenaya\/wp-json\/wp\/v2\/types\/product"}],"version-history":[{"count":2,"href":"https:\/\/mrlandon.com\/tenaya\/wp-json\/wp\/v2\/product\/4578\/revisions"}],"predecessor-version":[{"id":10700,"href":"https:\/\/mrlandon.com\/tenaya\/wp-json\/wp\/v2\/product\/4578\/revisions\/10700"}],"wp:featuredmedia":[{"embeddable":true,"href":"https:\/\/mrlandon.com\/tenaya\/wp-json\/wp\/v2\/media\/4565"}],"wp:attachment":[{"href":"https:\/\/mrlandon.com\/tenaya\/wp-json\/wp\/v2\/media?parent=4578"}],"wp:term":[{"taxonomy":"product_brand","embeddable":true,"href":"https:\/\/mrlandon.com\/tenaya\/wp-json\/wp\/v2\/product_brand?post=4578"},{"taxonomy":"product_cat","embeddable":true,"href":"https:\/\/mrlandon.com\/tenaya\/wp-json\/wp\/v2\/product_cat?post=4578"},{"taxonomy":"product_tag","embeddable":true,"href":"https:\/\/mrlandon.com\/tenaya\/wp-json\/wp\/v2\/product_tag?post=4578"}],"curies":[{"name":"wp","href":"https:\/\/api.w.org\/{rel}","templated":true}]}}