{"id":4580,"date":"2025-09-24T10:56:56","date_gmt":"2025-09-24T08:56:56","guid":{"rendered":"https:\/\/mrlandon.com\/tenaya\/?post_type=product&#038;p=4580"},"modified":"2026-02-18T10:42:31","modified_gmt":"2026-02-18T09:42:31","slug":"iati","status":"publish","type":"product","link":"https:\/\/mrlandon.com\/tenaya\/item\/iati\/","title":{"rendered":"Iati"},"content":{"rendered":"<p>Pie de gato dise\u00f1ado para una respuesta m\u00e1s din\u00e1mica y eficiente, Iati pone m\u00e1s recursos y precisi\u00f3n en cada movimiento.<\/p>\n<p>Construido en una combinaci\u00f3n de micro fibra y piel, recoge una buena parte de los procesos productivos y avances t\u00e9cnicos desarrollados y aplicados por primera vez en el proyecto Oasi, su predecesor.<\/p>\n<p>Galardonados ambos con el Editors \u0301 Choice, Iati m\u00e1s ancho y ligeramente m\u00e1s curvo, consigue mantener siempre un equilibrio \u00f3ptimo en todas sus prestaciones y proporciona el m\u00e1ximo rendimiento sobre desplomes, boulder y rutas verticales.<\/p>\n<p><img decoding=\"async\" class=\"alignnone size-full wp-image-6058\" src=\"https:\/\/mrlandon.com\/tenaya\/wp-content\/uploads\/2025\/09\/tenaya-premio-escalada2014.png\" alt=\"\" width=\"132\" height=\"132\" srcset=\"https:\/\/mrlandon.com\/tenaya\/wp-content\/uploads\/2025\/09\/tenaya-premio-escalada2014.png 132w, https:\/\/mrlandon.com\/tenaya\/wp-content\/uploads\/2025\/09\/tenaya-premio-escalada2014-100x100.png 100w\" sizes=\"(max-width: 132px) 100vw, 132px\" \/><\/p>\n","protected":false},"excerpt":{"rendered":"<p class=\"d-none d-md-block fs-pt-13 lh-sm\">M\u00e1s recursos y precisi\u00f3n<\/p>\n","protected":false},"featured_media":4562,"template":"","meta":[],"product_brand":[],"product_cat":[83,84],"product_tag":[],"class_list":{"0":"post-4580","1":"product","2":"type-product","3":"status-publish","4":"has-post-thumbnail","6":"product_cat-pies-de-gato","7":"product_cat-aerial-plus","9":"first","10":"instock","11":"taxable","12":"shipping-taxable","13":"product-type-variable"},"_links":{"self":[{"href":"https:\/\/mrlandon.com\/tenaya\/wp-json\/wp\/v2\/product\/4580","targetHints":{"allow":["GET"]}}],"collection":[{"href":"https:\/\/mrlandon.com\/tenaya\/wp-json\/wp\/v2\/product"}],"about":[{"href":"https:\/\/mrlandon.com\/tenaya\/wp-json\/wp\/v2\/types\/product"}],"version-history":[{"count":2,"href":"https:\/\/mrlandon.com\/tenaya\/wp-json\/wp\/v2\/product\/4580\/revisions"}],"predecessor-version":[{"id":10702,"href":"https:\/\/mrlandon.com\/tenaya\/wp-json\/wp\/v2\/product\/4580\/revisions\/10702"}],"wp:featuredmedia":[{"embeddable":true,"href":"https:\/\/mrlandon.com\/tenaya\/wp-json\/wp\/v2\/media\/4562"}],"wp:attachment":[{"href":"https:\/\/mrlandon.com\/tenaya\/wp-json\/wp\/v2\/media?parent=4580"}],"wp:term":[{"taxonomy":"product_brand","embeddable":true,"href":"https:\/\/mrlandon.com\/tenaya\/wp-json\/wp\/v2\/product_brand?post=4580"},{"taxonomy":"product_cat","embeddable":true,"href":"https:\/\/mrlandon.com\/tenaya\/wp-json\/wp\/v2\/product_cat?post=4580"},{"taxonomy":"product_tag","embeddable":true,"href":"https:\/\/mrlandon.com\/tenaya\/wp-json\/wp\/v2\/product_tag?post=4580"}],"curies":[{"name":"wp","href":"https:\/\/api.w.org\/{rel}","templated":true}]}}