{"id":4581,"date":"2025-09-24T10:58:11","date_gmt":"2025-09-24T08:58:11","guid":{"rendered":"https:\/\/mrlandon.com\/tenaya\/?post_type=product&#038;p=4581"},"modified":"2026-02-18T10:52:30","modified_gmt":"2026-02-18T09:52:30","slug":"mundaka","status":"publish","type":"product","link":"https:\/\/mrlandon.com\/tenaya\/item\/mundaka\/","title":{"rendered":"Mundaka"},"content":{"rendered":"<p>Sorprendentemente blando y suficientemente estructurado, Mundaka combina a la perfecci\u00f3n la m\u00e1s alta sensibilidad con la precisi\u00f3n en trabajos de canteo. Con un ajuste como un guante y una respuesta perfecta a los movimientos del pie, Mundaka ha sido pensado para rendir en ambas direcciones y ayudar a una escalada m\u00e1s natural y eficiente.<\/p>\n<p>Agresivo y equilibrado a la vez, Mundaka el m\u00e1s ancho de los pies de gato curvos Tenaya, es capaz de rendir al m\u00e1ximo en Boulder y rutas desplomadas sin perder eficiencia sobre placas, incluso en movimientos de fricci\u00f3n o adherencia.<\/p>\n","protected":false},"excerpt":{"rendered":"<p class=\"d-none d-md-block fs-pt-13 lh-sm\">M\u00e1s sensible todav\u00eda<\/p>\n","protected":false},"featured_media":4563,"template":"","meta":[],"product_brand":[],"product_cat":[83,84],"product_tag":[],"class_list":{"0":"post-4581","1":"product","2":"type-product","3":"status-publish","4":"has-post-thumbnail","6":"product_cat-pies-de-gato","7":"product_cat-aerial-plus","9":"first","10":"instock","11":"taxable","12":"shipping-taxable","13":"product-type-variable"},"_links":{"self":[{"href":"https:\/\/mrlandon.com\/tenaya\/wp-json\/wp\/v2\/product\/4581","targetHints":{"allow":["GET"]}}],"collection":[{"href":"https:\/\/mrlandon.com\/tenaya\/wp-json\/wp\/v2\/product"}],"about":[{"href":"https:\/\/mrlandon.com\/tenaya\/wp-json\/wp\/v2\/types\/product"}],"version-history":[{"count":1,"href":"https:\/\/mrlandon.com\/tenaya\/wp-json\/wp\/v2\/product\/4581\/revisions"}],"predecessor-version":[{"id":10164,"href":"https:\/\/mrlandon.com\/tenaya\/wp-json\/wp\/v2\/product\/4581\/revisions\/10164"}],"wp:featuredmedia":[{"embeddable":true,"href":"https:\/\/mrlandon.com\/tenaya\/wp-json\/wp\/v2\/media\/4563"}],"wp:attachment":[{"href":"https:\/\/mrlandon.com\/tenaya\/wp-json\/wp\/v2\/media?parent=4581"}],"wp:term":[{"taxonomy":"product_brand","embeddable":true,"href":"https:\/\/mrlandon.com\/tenaya\/wp-json\/wp\/v2\/product_brand?post=4581"},{"taxonomy":"product_cat","embeddable":true,"href":"https:\/\/mrlandon.com\/tenaya\/wp-json\/wp\/v2\/product_cat?post=4581"},{"taxonomy":"product_tag","embeddable":true,"href":"https:\/\/mrlandon.com\/tenaya\/wp-json\/wp\/v2\/product_tag?post=4581"}],"curies":[{"name":"wp","href":"https:\/\/api.w.org\/{rel}","templated":true}]}}