{"id":4582,"date":"2025-09-24T12:20:34","date_gmt":"2025-09-24T10:20:34","guid":{"rendered":"https:\/\/mrlandon.com\/tenaya\/?post_type=product&#038;p=4582"},"modified":"2026-02-17T19:06:27","modified_gmt":"2026-02-17T18:06:27","slug":"tatanka","status":"publish","type":"product","link":"https:\/\/mrlandon.com\/tenaya\/item\/tatanka\/","title":{"rendered":"Tatanka"},"content":{"rendered":"<p>Con un desarrollo paralelo al modelo Inti, es la opci\u00f3n cordonera que tiene un comportamiento m\u00e1s blando de la l\u00ednea Balance Pro. Tatanka es un pie de gato de altas prestaciones t\u00e9cnicas dise\u00f1ado para aprovechar al m\u00e1ximo las ventajas biomec\u00e1nicas del pie.<\/p>\n<p>Su sorprendente ajuste como un guante cuenta con el SXR Dynamics, un sistema de ajuste en movimiento que responde a las infinitas posturas del pie y permite mejorar su precisi\u00f3n y comodidad, facilitando a su vez el m\u00e1ximo desarrollo de la fuerza. Tatanka cuenta con un sistema de lazado r\u00e1pido y eficaz, una perfecta combinaci\u00f3n de materiales y un tal\u00f3n poderoso de gran rendimiento para la escalada de alta dificultad.<\/p>\n","protected":false},"excerpt":{"rendered":"<p>M\u00e1s c\u00f3modo y preciso es posible<\/p>\n","protected":false},"featured_media":4584,"template":"","meta":[],"product_brand":[],"product_cat":[83,85],"product_tag":[],"class_list":{"0":"post-4582","1":"product","2":"type-product","3":"status-publish","4":"has-post-thumbnail","6":"product_cat-pies-de-gato","7":"product_cat-balance-pro","9":"first","10":"instock","11":"taxable","12":"shipping-taxable","13":"product-type-variable"},"_links":{"self":[{"href":"https:\/\/mrlandon.com\/tenaya\/wp-json\/wp\/v2\/product\/4582","targetHints":{"allow":["GET"]}}],"collection":[{"href":"https:\/\/mrlandon.com\/tenaya\/wp-json\/wp\/v2\/product"}],"about":[{"href":"https:\/\/mrlandon.com\/tenaya\/wp-json\/wp\/v2\/types\/product"}],"version-history":[{"count":1,"href":"https:\/\/mrlandon.com\/tenaya\/wp-json\/wp\/v2\/product\/4582\/revisions"}],"predecessor-version":[{"id":10718,"href":"https:\/\/mrlandon.com\/tenaya\/wp-json\/wp\/v2\/product\/4582\/revisions\/10718"}],"wp:featuredmedia":[{"embeddable":true,"href":"https:\/\/mrlandon.com\/tenaya\/wp-json\/wp\/v2\/media\/4584"}],"wp:attachment":[{"href":"https:\/\/mrlandon.com\/tenaya\/wp-json\/wp\/v2\/media?parent=4582"}],"wp:term":[{"taxonomy":"product_brand","embeddable":true,"href":"https:\/\/mrlandon.com\/tenaya\/wp-json\/wp\/v2\/product_brand?post=4582"},{"taxonomy":"product_cat","embeddable":true,"href":"https:\/\/mrlandon.com\/tenaya\/wp-json\/wp\/v2\/product_cat?post=4582"},{"taxonomy":"product_tag","embeddable":true,"href":"https:\/\/mrlandon.com\/tenaya\/wp-json\/wp\/v2\/product_tag?post=4582"}],"curies":[{"name":"wp","href":"https:\/\/api.w.org\/{rel}","templated":true}]}}