{"id":4600,"date":"2025-09-24T12:17:29","date_gmt":"2025-09-24T10:17:29","guid":{"rendered":"https:\/\/mrlandon.com\/tenaya\/?post_type=product&#038;p=4600"},"modified":"2026-02-17T11:49:25","modified_gmt":"2026-02-17T10:49:25","slug":"tanta","status":"publish","type":"product","link":"https:\/\/mrlandon.com\/tenaya\/item\/tanta\/","title":{"rendered":"Tanta"},"content":{"rendered":"<p>Ligeramente curvado, provisto de la tecnolog\u00eda M4. Una combinaci\u00f3n de par\u00e1metros que consigue sumar a un confort excepcional muchas de las cualidades de los pies de gato de altas prestaciones. Cuenta con una punta en un \u00e1ngulo ligeramente m\u00e1s acentuado que el resto de la planta y es el Tenaya con mayor grado de respuesta al ancho del pie. Es el zapato perfecto para mejorar tu escalada con los pies y aumentar cada vez m\u00e1s tu conexi\u00f3n con la roca.<\/p>\n","protected":false},"excerpt":{"rendered":"<p>M\u00e1s c\u00f3modo y preciso es posible<\/p>\n","protected":false},"featured_media":4601,"template":"","meta":[],"product_brand":[],"product_cat":[83,86],"product_tag":[174],"class_list":{"0":"post-4600","1":"product","2":"type-product","3":"status-publish","4":"has-post-thumbnail","6":"product_cat-pies-de-gato","7":"product_cat-step-up","8":"product_tag-tanta","10":"first","11":"instock","12":"taxable","13":"shipping-taxable","14":"product-type-variable"},"_links":{"self":[{"href":"https:\/\/mrlandon.com\/tenaya\/wp-json\/wp\/v2\/product\/4600","targetHints":{"allow":["GET"]}}],"collection":[{"href":"https:\/\/mrlandon.com\/tenaya\/wp-json\/wp\/v2\/product"}],"about":[{"href":"https:\/\/mrlandon.com\/tenaya\/wp-json\/wp\/v2\/types\/product"}],"version-history":[{"count":0,"href":"https:\/\/mrlandon.com\/tenaya\/wp-json\/wp\/v2\/product\/4600\/revisions"}],"wp:featuredmedia":[{"embeddable":true,"href":"https:\/\/mrlandon.com\/tenaya\/wp-json\/wp\/v2\/media\/4601"}],"wp:attachment":[{"href":"https:\/\/mrlandon.com\/tenaya\/wp-json\/wp\/v2\/media?parent=4600"}],"wp:term":[{"taxonomy":"product_brand","embeddable":true,"href":"https:\/\/mrlandon.com\/tenaya\/wp-json\/wp\/v2\/product_brand?post=4600"},{"taxonomy":"product_cat","embeddable":true,"href":"https:\/\/mrlandon.com\/tenaya\/wp-json\/wp\/v2\/product_cat?post=4600"},{"taxonomy":"product_tag","embeddable":true,"href":"https:\/\/mrlandon.com\/tenaya\/wp-json\/wp\/v2\/product_tag?post=4600"}],"curies":[{"name":"wp","href":"https:\/\/api.w.org\/{rel}","templated":true}]}}