{"id":4604,"date":"2025-09-24T12:21:35","date_gmt":"2025-09-24T10:21:35","guid":{"rendered":"https:\/\/mrlandon.com\/tenaya\/?post_type=product&#038;p=4604"},"modified":"2026-02-17T19:06:33","modified_gmt":"2026-02-17T18:06:33","slug":"inti","status":"publish","type":"product","link":"https:\/\/mrlandon.com\/tenaya\/item\/inti\/","title":{"rendered":"Inti"},"content":{"rendered":"<p>Procedente del modelo RA con el que se han superado algunas de las v\u00edas m\u00e1s dif\u00edciles del mundo. Inti como otros modelos de la l\u00ednea Balance Pro ha sido dise\u00f1ado tambi\u00e9n buscando los m\u00e1ximos niveles de equilibrio entre todas sus prestaciones.<\/p>\n<p>Comparte muchas de sus caracter\u00edsticas de su predecesor como su facilidad para escalar con precisi\u00f3n, su excelente capacidad de respuesta en todos los terrenos o su gran comodidad. Ligeramente m\u00e1s blando que Ra, viene con una palmilla en forma de herradura para una mayor sensibilidad e informaci\u00f3n sobre presas redondeadas. Inti es un pie de gato de altas prestaciones de resultados sorprendentes sobre todo tipo de terrenos como cantos y presas microsc\u00f3picas o muros de fricci\u00f3n y de adherencia.<\/p>\n<p>Perfecto para rutas verticales, desplomes moderados y Boulder. Para superar el primer 9a a vista de la historia Alex necesitaba realizar cada uno de sus movimientos de una forma natural y sobre todo con una precisi\u00f3n milim\u00e9trica. Para encontrar la conexi\u00f3n con la roca que necesitaba Alex opt\u00f3 por Inti. Su perfecta respuesta din\u00e1mica, su gran precisi\u00f3n y sensibilidad, te proporcionan la seguridad y confianza que necesitas en cada movimiento.<\/p>\n","protected":false},"excerpt":{"rendered":"<p>En la misma direcci\u00f3n<\/p>\n","protected":false},"featured_media":4585,"template":"","meta":[],"product_brand":[],"product_cat":[83,85],"product_tag":[],"class_list":{"0":"post-4604","1":"product","2":"type-product","3":"status-publish","4":"has-post-thumbnail","6":"product_cat-pies-de-gato","7":"product_cat-balance-pro","9":"first","10":"instock","11":"taxable","12":"shipping-taxable","13":"product-type-variable"},"_links":{"self":[{"href":"https:\/\/mrlandon.com\/tenaya\/wp-json\/wp\/v2\/product\/4604","targetHints":{"allow":["GET"]}}],"collection":[{"href":"https:\/\/mrlandon.com\/tenaya\/wp-json\/wp\/v2\/product"}],"about":[{"href":"https:\/\/mrlandon.com\/tenaya\/wp-json\/wp\/v2\/types\/product"}],"version-history":[{"count":1,"href":"https:\/\/mrlandon.com\/tenaya\/wp-json\/wp\/v2\/product\/4604\/revisions"}],"predecessor-version":[{"id":10719,"href":"https:\/\/mrlandon.com\/tenaya\/wp-json\/wp\/v2\/product\/4604\/revisions\/10719"}],"wp:featuredmedia":[{"embeddable":true,"href":"https:\/\/mrlandon.com\/tenaya\/wp-json\/wp\/v2\/media\/4585"}],"wp:attachment":[{"href":"https:\/\/mrlandon.com\/tenaya\/wp-json\/wp\/v2\/media?parent=4604"}],"wp:term":[{"taxonomy":"product_brand","embeddable":true,"href":"https:\/\/mrlandon.com\/tenaya\/wp-json\/wp\/v2\/product_brand?post=4604"},{"taxonomy":"product_cat","embeddable":true,"href":"https:\/\/mrlandon.com\/tenaya\/wp-json\/wp\/v2\/product_cat?post=4604"},{"taxonomy":"product_tag","embeddable":true,"href":"https:\/\/mrlandon.com\/tenaya\/wp-json\/wp\/v2\/product_tag?post=4604"}],"curies":[{"name":"wp","href":"https:\/\/api.w.org\/{rel}","templated":true}]}}