{"id":4605,"date":"2025-09-24T12:25:08","date_gmt":"2025-09-24T10:25:08","guid":{"rendered":"https:\/\/mrlandon.com\/tenaya\/?post_type=product&#038;p=4605"},"modified":"2026-02-17T19:06:40","modified_gmt":"2026-02-17T18:06:40","slug":"masai","status":"publish","type":"product","link":"https:\/\/mrlandon.com\/tenaya\/item\/masai\/","title":{"rendered":"Masai"},"content":{"rendered":"<p>Con un desarrollo paralelo al proyecto Ra, Masai comparte la mayor\u00eda de las prestaciones y avances t\u00e9cnicos aplicados por primera vez en Ra.<\/p>\n<p>Se diferencia por estar fabricado con una horma que acent\u00faa m\u00e1s la fuerza sobre peque\u00f1os resaltes y en su cierre de cordonera, que permite decidir sobre la volumetr\u00eda del zapato al pie a lo largo de todo el empeine del mismo. Dise\u00f1ado buscando el m\u00e1ximo equilibrio entre todas sus prestaciones, destaca por su forma sencilla de atacar las presas y por su facilidad para escalar con mayor precisi\u00f3n y su gran comodidad.<\/p>\n<p>Pie de gato perfecto para rutas verticales, desplomes moderados y Boulder.<\/p>\n","protected":false},"excerpt":{"rendered":"<p>Equilibrio<\/p>\n","protected":false},"featured_media":4586,"template":"","meta":[],"product_brand":[],"product_cat":[83,85],"product_tag":[],"class_list":{"0":"post-4605","1":"product","2":"type-product","3":"status-publish","4":"has-post-thumbnail","6":"product_cat-pies-de-gato","7":"product_cat-balance-pro","9":"first","10":"instock","11":"taxable","12":"shipping-taxable","13":"product-type-variable"},"_links":{"self":[{"href":"https:\/\/mrlandon.com\/tenaya\/wp-json\/wp\/v2\/product\/4605","targetHints":{"allow":["GET"]}}],"collection":[{"href":"https:\/\/mrlandon.com\/tenaya\/wp-json\/wp\/v2\/product"}],"about":[{"href":"https:\/\/mrlandon.com\/tenaya\/wp-json\/wp\/v2\/types\/product"}],"version-history":[{"count":1,"href":"https:\/\/mrlandon.com\/tenaya\/wp-json\/wp\/v2\/product\/4605\/revisions"}],"predecessor-version":[{"id":10720,"href":"https:\/\/mrlandon.com\/tenaya\/wp-json\/wp\/v2\/product\/4605\/revisions\/10720"}],"wp:featuredmedia":[{"embeddable":true,"href":"https:\/\/mrlandon.com\/tenaya\/wp-json\/wp\/v2\/media\/4586"}],"wp:attachment":[{"href":"https:\/\/mrlandon.com\/tenaya\/wp-json\/wp\/v2\/media?parent=4605"}],"wp:term":[{"taxonomy":"product_brand","embeddable":true,"href":"https:\/\/mrlandon.com\/tenaya\/wp-json\/wp\/v2\/product_brand?post=4605"},{"taxonomy":"product_cat","embeddable":true,"href":"https:\/\/mrlandon.com\/tenaya\/wp-json\/wp\/v2\/product_cat?post=4605"},{"taxonomy":"product_tag","embeddable":true,"href":"https:\/\/mrlandon.com\/tenaya\/wp-json\/wp\/v2\/product_tag?post=4605"}],"curies":[{"name":"wp","href":"https:\/\/api.w.org\/{rel}","templated":true}]}}