{"id":4606,"date":"2025-09-24T12:27:36","date_gmt":"2025-09-24T10:27:36","guid":{"rendered":"https:\/\/mrlandon.com\/tenaya\/?post_type=product&#038;p=4606"},"modified":"2026-02-17T19:06:54","modified_gmt":"2026-02-17T18:06:54","slug":"ra-woman","status":"publish","type":"product","link":"https:\/\/mrlandon.com\/tenaya\/item\/ra-woman\/","title":{"rendered":"Ra woman"},"content":{"rendered":"<p>Nueva versi\u00f3n del modelo Ra adaptado a la anatom\u00eda del pie femenino. Ra es un pie de gato dise\u00f1ado para buscar los m\u00e1ximos niveles de equilibrio entre todas sus prestaciones y pensado para ayudar el dedo pulgar a desarrollar toda su fuerza.<\/p>\n<p>Si, adem\u00e1s, contamos con una forma sencilla de atacar todas las presas, una enorme capacidad de respuesta en todos los terrenos y un confort espectacular, el resultado es un zapato de altas prestaciones que te ayuda a una escalada m\u00e1s f\u00e1cil e intuitiva.<\/p>\n<p><img decoding=\"async\" class=\"size-full wp-image-6058 aligncenter\" src=\"https:\/\/mrlandon.com\/tenaya\/wp-content\/uploads\/2025\/09\/tenaya-premio-escalada2014.png\" alt=\"\" width=\"132\" height=\"132\" srcset=\"https:\/\/mrlandon.com\/tenaya\/wp-content\/uploads\/2025\/09\/tenaya-premio-escalada2014.png 132w, https:\/\/mrlandon.com\/tenaya\/wp-content\/uploads\/2025\/09\/tenaya-premio-escalada2014-100x100.png 100w\" sizes=\"(max-width: 132px) 100vw, 132px\" \/><\/p>\n","protected":false},"excerpt":{"rendered":"<p>Equilibrio perfecto<\/p>\n","protected":false},"featured_media":4587,"template":"","meta":[],"product_brand":[],"product_cat":[83,85],"product_tag":[],"class_list":{"0":"post-4606","1":"product","2":"type-product","3":"status-publish","4":"has-post-thumbnail","6":"product_cat-pies-de-gato","7":"product_cat-balance-pro","9":"first","10":"instock","11":"taxable","12":"shipping-taxable","13":"product-type-variable"},"_links":{"self":[{"href":"https:\/\/mrlandon.com\/tenaya\/wp-json\/wp\/v2\/product\/4606","targetHints":{"allow":["GET"]}}],"collection":[{"href":"https:\/\/mrlandon.com\/tenaya\/wp-json\/wp\/v2\/product"}],"about":[{"href":"https:\/\/mrlandon.com\/tenaya\/wp-json\/wp\/v2\/types\/product"}],"version-history":[{"count":1,"href":"https:\/\/mrlandon.com\/tenaya\/wp-json\/wp\/v2\/product\/4606\/revisions"}],"predecessor-version":[{"id":10721,"href":"https:\/\/mrlandon.com\/tenaya\/wp-json\/wp\/v2\/product\/4606\/revisions\/10721"}],"wp:featuredmedia":[{"embeddable":true,"href":"https:\/\/mrlandon.com\/tenaya\/wp-json\/wp\/v2\/media\/4587"}],"wp:attachment":[{"href":"https:\/\/mrlandon.com\/tenaya\/wp-json\/wp\/v2\/media?parent=4606"}],"wp:term":[{"taxonomy":"product_brand","embeddable":true,"href":"https:\/\/mrlandon.com\/tenaya\/wp-json\/wp\/v2\/product_brand?post=4606"},{"taxonomy":"product_cat","embeddable":true,"href":"https:\/\/mrlandon.com\/tenaya\/wp-json\/wp\/v2\/product_cat?post=4606"},{"taxonomy":"product_tag","embeddable":true,"href":"https:\/\/mrlandon.com\/tenaya\/wp-json\/wp\/v2\/product_tag?post=4606"}],"curies":[{"name":"wp","href":"https:\/\/api.w.org\/{rel}","templated":true}]}}