{"id":4707,"date":"2025-09-25T10:28:44","date_gmt":"2025-09-25T08:28:44","guid":{"rendered":"https:\/\/mrlandon.com\/tenaya\/?post_type=product&#038;p=4707"},"modified":"2026-02-17T11:54:22","modified_gmt":"2026-02-17T10:54:22","slug":"tenerife-arena","status":"publish","type":"product","link":"https:\/\/mrlandon.com\/tenaya\/item\/tenerife-arena\/","title":{"rendered":"Tenerife arena"},"content":{"rendered":"<p>Ligero y flexible y con un excelente comportamiento din\u00e1mico. Tenerife es un zapato de lifestyle pensado para proporcionar al pie el confort y descanso que necesitas.<\/p>\n<p>Construido en su parte superior en algod\u00f3n con protecciones de goma en punta y tal\u00f3n semejantes a los de los zapatos de escalada, est\u00e1 montado sobre un piso de caucho.<\/p>\n<p>Cuenta con una plantilla de poliuretano expandido y un fuelle tubular altamente transpirable que te proporciona un ajuste preciso y un calce c\u00f3modo y r\u00e1pido que permite usar el zapato sin necesidad de ajustar su cierre de cordonera.<\/p>\n<p>Perfecto para usar en ciudad, viajes o tiempo libre.<\/p>\n","protected":false},"excerpt":{"rendered":"<p>Zapatilla life style, uso diario, viaje, ciudad<\/p>\n","protected":false},"featured_media":4699,"template":"","meta":[],"product_brand":[],"product_cat":[107,105],"product_tag":[110],"class_list":{"0":"post-4707","1":"product","2":"type-product","3":"status-publish","4":"has-post-thumbnail","6":"product_cat-life-style","7":"product_cat-outdoor","8":"product_tag-tenerife","10":"first","11":"instock","12":"taxable","13":"shipping-taxable","14":"product-type-variable"},"_links":{"self":[{"href":"https:\/\/mrlandon.com\/tenaya\/wp-json\/wp\/v2\/product\/4707","targetHints":{"allow":["GET"]}}],"collection":[{"href":"https:\/\/mrlandon.com\/tenaya\/wp-json\/wp\/v2\/product"}],"about":[{"href":"https:\/\/mrlandon.com\/tenaya\/wp-json\/wp\/v2\/types\/product"}],"version-history":[{"count":1,"href":"https:\/\/mrlandon.com\/tenaya\/wp-json\/wp\/v2\/product\/4707\/revisions"}],"predecessor-version":[{"id":10008,"href":"https:\/\/mrlandon.com\/tenaya\/wp-json\/wp\/v2\/product\/4707\/revisions\/10008"}],"wp:featuredmedia":[{"embeddable":true,"href":"https:\/\/mrlandon.com\/tenaya\/wp-json\/wp\/v2\/media\/4699"}],"wp:attachment":[{"href":"https:\/\/mrlandon.com\/tenaya\/wp-json\/wp\/v2\/media?parent=4707"}],"wp:term":[{"taxonomy":"product_brand","embeddable":true,"href":"https:\/\/mrlandon.com\/tenaya\/wp-json\/wp\/v2\/product_brand?post=4707"},{"taxonomy":"product_cat","embeddable":true,"href":"https:\/\/mrlandon.com\/tenaya\/wp-json\/wp\/v2\/product_cat?post=4707"},{"taxonomy":"product_tag","embeddable":true,"href":"https:\/\/mrlandon.com\/tenaya\/wp-json\/wp\/v2\/product_tag?post=4707"}],"curies":[{"name":"wp","href":"https:\/\/api.w.org\/{rel}","templated":true}]}}