{"id":4724,"date":"2025-09-25T11:38:10","date_gmt":"2025-09-25T09:38:10","guid":{"rendered":"https:\/\/mrlandon.com\/tenaya\/?post_type=product&#038;p=4724"},"modified":"2026-02-17T11:41:29","modified_gmt":"2026-02-17T10:41:29","slug":"nes-blue","status":"publish","type":"product","link":"https:\/\/mrlandon.com\/tenaya\/item\/nes-blue\/","title":{"rendered":"Nes blue"},"content":{"rendered":"<p>Proporcionar la mayor estabilidad a un zapato que ofrece un comportamiento din\u00e1mico, este ha sido el principal motivo que nos ha llevado a dise\u00f1ar Nes.<\/p>\n<p>Con la tecnolog\u00eda XC Stability, Ness consigue m\u00e1s estabilidad dentro de un comportamiento flexible y ligero, capaz de ceder all\u00ed donde m\u00e1s lo necesitas.<\/p>\n<p>Construido sobre piel serraje, montado sobre una suela Vibram\u00ae de caucho y PU para la absorci\u00f3n de impactos.<\/p>\n<p>Cuenta con un fuelle tubular que le proporciona un ajuste preciso y un calce c\u00f3modo y r\u00e1pido que permite usar el zapato sin necesidad de ajustar su cierre de cordonera. Pensado para ofrecer al pie el descanso necesario despu\u00e9s de una intensa jornada de escalada.<\/p>\n<p>Para usar en monta\u00f1a, ciudad y tiempo libre.<\/p>\n","protected":false},"excerpt":{"rendered":"<p>Zapatilla Life style para senderos de monta\u00f1a, ciudad, viajar.<\/p>\n","protected":false},"featured_media":4711,"template":"","meta":[],"product_brand":[],"product_cat":[107,105],"product_tag":[111],"class_list":{"0":"post-4724","1":"product","2":"type-product","3":"status-publish","4":"has-post-thumbnail","6":"product_cat-life-style","7":"product_cat-outdoor","8":"product_tag-nes","10":"first","11":"instock","12":"taxable","13":"shipping-taxable","14":"product-type-variable"},"_links":{"self":[{"href":"https:\/\/mrlandon.com\/tenaya\/wp-json\/wp\/v2\/product\/4724","targetHints":{"allow":["GET"]}}],"collection":[{"href":"https:\/\/mrlandon.com\/tenaya\/wp-json\/wp\/v2\/product"}],"about":[{"href":"https:\/\/mrlandon.com\/tenaya\/wp-json\/wp\/v2\/types\/product"}],"version-history":[{"count":1,"href":"https:\/\/mrlandon.com\/tenaya\/wp-json\/wp\/v2\/product\/4724\/revisions"}],"predecessor-version":[{"id":10011,"href":"https:\/\/mrlandon.com\/tenaya\/wp-json\/wp\/v2\/product\/4724\/revisions\/10011"}],"wp:featuredmedia":[{"embeddable":true,"href":"https:\/\/mrlandon.com\/tenaya\/wp-json\/wp\/v2\/media\/4711"}],"wp:attachment":[{"href":"https:\/\/mrlandon.com\/tenaya\/wp-json\/wp\/v2\/media?parent=4724"}],"wp:term":[{"taxonomy":"product_brand","embeddable":true,"href":"https:\/\/mrlandon.com\/tenaya\/wp-json\/wp\/v2\/product_brand?post=4724"},{"taxonomy":"product_cat","embeddable":true,"href":"https:\/\/mrlandon.com\/tenaya\/wp-json\/wp\/v2\/product_cat?post=4724"},{"taxonomy":"product_tag","embeddable":true,"href":"https:\/\/mrlandon.com\/tenaya\/wp-json\/wp\/v2\/product_tag?post=4724"}],"curies":[{"name":"wp","href":"https:\/\/api.w.org\/{rel}","templated":true}]}}