{"id":4726,"date":"2025-09-25T11:51:10","date_gmt":"2025-09-25T09:51:10","guid":{"rendered":"https:\/\/mrlandon.com\/tenaya\/?post_type=product&#038;p=4726"},"modified":"2026-02-17T11:36:55","modified_gmt":"2026-02-17T10:36:55","slug":"mojacar-mt-brown","status":"publish","type":"product","link":"https:\/\/mrlandon.com\/tenaya\/item\/mojacar-mt-brown\/","title":{"rendered":"Mojacar MT brown"},"content":{"rendered":"<p>Zapato dise\u00f1ado para aproximaci\u00f3n, marcha por monta\u00f1a y tiempo libre. Incorpora la tecnolog\u00eda XC Stability que proporciona mas estabilidad dentro de un comportamiento flexible y din\u00e1mico capaz de ceder all\u00ed donde el pie necesita.<\/p>\n<p>La parte superior de Mojacar MT esta fabricada en piel serraje y una malla t\u00e9cnica en parte delantera que favorece la transpiraci\u00f3n. Cuenta tambi\u00e9n con un fuelle tubular altamente transpirable que te proporciona un ajuste preciso y un calce c\u00f3modo y r\u00e1pido, que permite incluso usar el zapato sin necesidad de ajustar su cierre de cordonera.<\/p>\n<p>Su piso Vibram de caucho con climbimg zona en la punta y una entresuela de PU para la absorci\u00f3n del impacto. Posee una gran adherencia y facilita una tracci\u00f3n optima y una poderosa capacidad de retenci\u00f3n en pendientes.<\/p>\n<p>Su dise\u00f1o prima por encima de todo la comodidad y el descanso del pie, perfecto para utilizar despues de una intensa jornada de escalada, para monta\u00f1a, viajes o tiempo libre.<\/p>\n","protected":false},"excerpt":{"rendered":"<p>Zapatilla para aproximaci\u00f3n y marcha por monta\u00f1a, ligera, ajuste preciso y excelente amortiguaci\u00f3n.<\/p>\n","protected":false},"featured_media":4727,"template":"","meta":[],"product_brand":[],"product_cat":[106,105],"product_tag":[112],"class_list":{"0":"post-4726","1":"product","2":"type-product","3":"status-publish","4":"has-post-thumbnail","6":"product_cat-approach","7":"product_cat-outdoor","8":"product_tag-mojacar-mt","10":"first","11":"instock","12":"taxable","13":"shipping-taxable","14":"product-type-variable"},"_links":{"self":[{"href":"https:\/\/mrlandon.com\/tenaya\/wp-json\/wp\/v2\/product\/4726","targetHints":{"allow":["GET"]}}],"collection":[{"href":"https:\/\/mrlandon.com\/tenaya\/wp-json\/wp\/v2\/product"}],"about":[{"href":"https:\/\/mrlandon.com\/tenaya\/wp-json\/wp\/v2\/types\/product"}],"version-history":[{"count":1,"href":"https:\/\/mrlandon.com\/tenaya\/wp-json\/wp\/v2\/product\/4726\/revisions"}],"predecessor-version":[{"id":10001,"href":"https:\/\/mrlandon.com\/tenaya\/wp-json\/wp\/v2\/product\/4726\/revisions\/10001"}],"wp:featuredmedia":[{"embeddable":true,"href":"https:\/\/mrlandon.com\/tenaya\/wp-json\/wp\/v2\/media\/4727"}],"wp:attachment":[{"href":"https:\/\/mrlandon.com\/tenaya\/wp-json\/wp\/v2\/media?parent=4726"}],"wp:term":[{"taxonomy":"product_brand","embeddable":true,"href":"https:\/\/mrlandon.com\/tenaya\/wp-json\/wp\/v2\/product_brand?post=4726"},{"taxonomy":"product_cat","embeddable":true,"href":"https:\/\/mrlandon.com\/tenaya\/wp-json\/wp\/v2\/product_cat?post=4726"},{"taxonomy":"product_tag","embeddable":true,"href":"https:\/\/mrlandon.com\/tenaya\/wp-json\/wp\/v2\/product_tag?post=4726"}],"curies":[{"name":"wp","href":"https:\/\/api.w.org\/{rel}","templated":true}]}}