{"id":4802,"date":"2025-09-25T12:49:47","date_gmt":"2025-09-25T10:49:47","guid":{"rendered":"https:\/\/mrlandon.com\/tenaya\/?post_type=product&#038;p=4802"},"modified":"2026-02-17T11:33:52","modified_gmt":"2026-02-17T10:33:52","slug":"camiseta-patch","status":"publish","type":"product","link":"https:\/\/mrlandon.com\/tenaya\/item\/camiseta-patch\/","title":{"rendered":"Camiseta Patch"},"content":{"rendered":"<p>Camiseta manga corta unisex, de corte regular, confeccionada 60% en algod\u00f3n org\u00e1nico reciclado preconsumo y 40% Poli\u00e9ster reciclado post-consumo.<\/p>\n<p>Ideal para todo tipo de actividades o uso diario, combina la suavidad del algod\u00f3n org\u00e1nico con las propiedades del poli\u00e9ster, fresca y r\u00e1pido secado.<\/p>\n","protected":false},"excerpt":{"rendered":"<p>Camiseta unisex algod\u00f3n org\u00e1nico y poli\u00e9ster reciclado<\/p>\n","protected":false},"featured_media":4799,"template":"","meta":[],"product_brand":[],"product_cat":[115,114],"product_tag":[],"class_list":{"0":"post-4802","1":"product","2":"type-product","3":"status-publish","4":"has-post-thumbnail","6":"product_cat-camisetas","7":"product_cat-ropa","9":"first","10":"instock","11":"taxable","12":"shipping-taxable","13":"product-type-variable"},"_links":{"self":[{"href":"https:\/\/mrlandon.com\/tenaya\/wp-json\/wp\/v2\/product\/4802","targetHints":{"allow":["GET"]}}],"collection":[{"href":"https:\/\/mrlandon.com\/tenaya\/wp-json\/wp\/v2\/product"}],"about":[{"href":"https:\/\/mrlandon.com\/tenaya\/wp-json\/wp\/v2\/types\/product"}],"version-history":[{"count":4,"href":"https:\/\/mrlandon.com\/tenaya\/wp-json\/wp\/v2\/product\/4802\/revisions"}],"predecessor-version":[{"id":10023,"href":"https:\/\/mrlandon.com\/tenaya\/wp-json\/wp\/v2\/product\/4802\/revisions\/10023"}],"wp:featuredmedia":[{"embeddable":true,"href":"https:\/\/mrlandon.com\/tenaya\/wp-json\/wp\/v2\/media\/4799"}],"wp:attachment":[{"href":"https:\/\/mrlandon.com\/tenaya\/wp-json\/wp\/v2\/media?parent=4802"}],"wp:term":[{"taxonomy":"product_brand","embeddable":true,"href":"https:\/\/mrlandon.com\/tenaya\/wp-json\/wp\/v2\/product_brand?post=4802"},{"taxonomy":"product_cat","embeddable":true,"href":"https:\/\/mrlandon.com\/tenaya\/wp-json\/wp\/v2\/product_cat?post=4802"},{"taxonomy":"product_tag","embeddable":true,"href":"https:\/\/mrlandon.com\/tenaya\/wp-json\/wp\/v2\/product_tag?post=4802"}],"curies":[{"name":"wp","href":"https:\/\/api.w.org\/{rel}","templated":true}]}}