{"id":4811,"date":"2025-09-25T13:04:40","date_gmt":"2025-09-25T11:04:40","guid":{"rendered":"https:\/\/mrlandon.com\/tenaya\/?post_type=product&#038;p=4811"},"modified":"2026-02-17T11:34:01","modified_gmt":"2026-02-17T10:34:01","slug":"camiseta-ten-cobalt","status":"publish","type":"product","link":"https:\/\/mrlandon.com\/tenaya\/item\/camiseta-ten-cobalt\/","title":{"rendered":"Camiseta Ten cobalt"},"content":{"rendered":"<p>Camiseta manga corta unisex, de corte regular, confeccionada 60% en algod\u00f3n org\u00e1nico reciclado preconsumo y 40% Poli\u00e9ster reciclado post-consumo.<\/p>\n<p>Ideal para todo tipo de actividades o uso diario, combina la suavidad del algod\u00f3n org\u00e1nico con las propiedades del poli\u00e9ster, fresca y r\u00e1pido secado.<\/p>\n","protected":false},"excerpt":{"rendered":"<p>Camiseta unisex algod\u00f3n org\u00e1nico y poli\u00e9ster reciclado<\/p>\n","protected":false},"featured_media":4790,"template":"","meta":[],"product_brand":[],"product_cat":[115,114],"product_tag":[176],"class_list":{"0":"post-4811","1":"product","2":"type-product","3":"status-publish","4":"has-post-thumbnail","6":"product_cat-camisetas","7":"product_cat-ropa","8":"product_tag-ten","10":"first","11":"instock","12":"taxable","13":"shipping-taxable","14":"product-type-variable"},"_links":{"self":[{"href":"https:\/\/mrlandon.com\/tenaya\/wp-json\/wp\/v2\/product\/4811","targetHints":{"allow":["GET"]}}],"collection":[{"href":"https:\/\/mrlandon.com\/tenaya\/wp-json\/wp\/v2\/product"}],"about":[{"href":"https:\/\/mrlandon.com\/tenaya\/wp-json\/wp\/v2\/types\/product"}],"version-history":[{"count":4,"href":"https:\/\/mrlandon.com\/tenaya\/wp-json\/wp\/v2\/product\/4811\/revisions"}],"predecessor-version":[{"id":10018,"href":"https:\/\/mrlandon.com\/tenaya\/wp-json\/wp\/v2\/product\/4811\/revisions\/10018"}],"wp:featuredmedia":[{"embeddable":true,"href":"https:\/\/mrlandon.com\/tenaya\/wp-json\/wp\/v2\/media\/4790"}],"wp:attachment":[{"href":"https:\/\/mrlandon.com\/tenaya\/wp-json\/wp\/v2\/media?parent=4811"}],"wp:term":[{"taxonomy":"product_brand","embeddable":true,"href":"https:\/\/mrlandon.com\/tenaya\/wp-json\/wp\/v2\/product_brand?post=4811"},{"taxonomy":"product_cat","embeddable":true,"href":"https:\/\/mrlandon.com\/tenaya\/wp-json\/wp\/v2\/product_cat?post=4811"},{"taxonomy":"product_tag","embeddable":true,"href":"https:\/\/mrlandon.com\/tenaya\/wp-json\/wp\/v2\/product_tag?post=4811"}],"curies":[{"name":"wp","href":"https:\/\/api.w.org\/{rel}","templated":true}]}}